{"id":2,"date":"2023-01-17T20:21:21","date_gmt":"2023-01-17T20:21:21","guid":{"rendered":"https:\/\/rallyvendsyssel.dk\/?page_id=2"},"modified":"2023-01-17T21:25:15","modified_gmt":"2023-01-17T21:25:15","slug":"sample-page","status":"publish","type":"page","link":"https:\/\/rallyvendsyssel.dk\/index.php\/sample-page\/","title":{"rendered":"Rally Vendsyssel"},"content":{"rendered":"\n<p>Dette er et nyt koncept af DSSR. Som st\u00e5r for Dansk Super Short Rally.<\/p>\n\n\n\n<p>Det er et Rally der k\u00f8res p\u00e5 en dag, og som regel med mulighed for frivillig licens\/teknisk kontrol og notek\u00f8rsel dagen f\u00f8r. Alts\u00e5 et meget kompakt rally. Som er for hele bredden. Og deltagerne bliver startet klasse vis.<\/p>\n\n\n\n<p>Vi gl\u00e6der os til at vise jer dette fede omr\u00e5de.<\/p>\n\n\n\n<p>Vi ses d. 9. september 2023.<\/p>\n","protected":false},"excerpt":{"rendered":"<p>Dette er et nyt koncept af DSSR. Som st\u00e5r for Dansk Super Short Rally. Det er et Rally der k\u00f8res p\u00e5 en dag, og som regel med mulighed for frivillig licens\/teknisk kontrol og notek\u00f8rsel dagen f\u00f8r. Alts\u00e5 et meget kompakt rally. Som er for hele bredden. Og deltagerne bliver startet klasse vis. Vi gl\u00e6der os [&hellip;]<\/p>\n","protected":false},"author":1,"featured_media":0,"parent":0,"menu_order":0,"comment_status":"closed","ping_status":"closed","template":"","meta":{"footnotes":""},"class_list":["post-2","page","type-page","status-publish","hentry"],"_links":{"self":[{"href":"https:\/\/rallyvendsyssel.dk\/index.php\/wp-json\/wp\/v2\/pages\/2","targetHints":{"allow":["GET"]}}],"collection":[{"href":"https:\/\/rallyvendsyssel.dk\/index.php\/wp-json\/wp\/v2\/pages"}],"about":[{"href":"https:\/\/rallyvendsyssel.dk\/index.php\/wp-json\/wp\/v2\/types\/page"}],"author":[{"embeddable":true,"href":"https:\/\/rallyvendsyssel.dk\/index.php\/wp-json\/wp\/v2\/users\/1"}],"replies":[{"embeddable":true,"href":"https:\/\/rallyvendsyssel.dk\/index.php\/wp-json\/wp\/v2\/comments?post=2"}],"version-history":[{"count":1,"href":"https:\/\/rallyvendsyssel.dk\/index.php\/wp-json\/wp\/v2\/pages\/2\/revisions"}],"predecessor-version":[{"id":14,"href":"https:\/\/rallyvendsyssel.dk\/index.php\/wp-json\/wp\/v2\/pages\/2\/revisions\/14"}],"wp:attachment":[{"href":"https:\/\/rallyvendsyssel.dk\/index.php\/wp-json\/wp\/v2\/media?parent=2"}],"curies":[{"name":"wp","href":"https:\/\/api.w.org\/{rel}","templated":true}]}}